{"id":35,"date":"2020-04-08T00:27:20","date_gmt":"2020-04-08T00:27:20","guid":{"rendered":"https:\/\/www.911producciones.com\/?page_id=35"},"modified":"2026-04-22T23:55:39","modified_gmt":"2026-04-22T23:55:39","slug":"911-producciones","status":"publish","type":"page","link":"https:\/\/www.911producciones.com\/","title":{"rendered":"911 Producciones"},"content":{"rendered":"<div data-colibri-id=\"35-c1\" class=\"style-192 style-local-35-c1 position-relative\">\n  <!----><\/p>\n<div data-colibri-component=\"section\" data-colibri-id=\"35-c2\" id=\"initial-content\" class=\"h-section h-section-global-spacing d-flex align-items-lg-center align-items-md-center align-items-center style-193 style-local-35-c2 position-relative\">\n    <!----><br \/>\n    <!----><\/p>\n<div class=\"h-section-grid-container h-section-boxed-container\">\n      <!----><\/p>\n<div data-colibri-id=\"35-c3\" class=\"h-row-container gutters-row-lg-2 gutters-row-md-2 gutters-row-0 gutters-row-v-lg-2 gutters-row-v-md-2 gutters-row-v-2 style-194 style-local-35-c3 position-relative\">\n        <!----><\/p>\n<div class=\"h-row justify-content-lg-center justify-content-md-center justify-content-center align-items-lg-stretch align-items-md-stretch align-items-stretch gutters-col-lg-2 gutters-col-md-2 gutters-col-0 gutters-col-v-lg-2 gutters-col-v-md-2 gutters-col-v-2\">\n          <!----><\/p>\n<div class=\"h-column h-column-container d-flex h-col-lg-auto h-col-md-auto h-col-auto style-195-outer style-local-35-c4-outer\">\n<div data-colibri-id=\"35-c4\" class=\"d-flex h-flex-basis h-column__inner h-px-lg-2 h-px-md-2 h-px-2 v-inner-lg-2 v-inner-md-2 v-inner-2 style-195 style-local-35-c4 position-relative\">\n              <!----><br \/>\n              <!----><\/p>\n<div class=\"w-100 h-y-container h-column__content h-column__v-align flex-basis-100 align-self-lg-start align-self-md-start align-self-start\">\n                <!----><\/p>\n<div data-colibri-id=\"35-c5\" class=\"style-196 style-local-35-c5 position-relative h-element\">\n                  <!----><\/p>\n<div>\n\n\n<p><em>911Producciones,  producci\u00f3n audiovisual, asesor\u00eda y producci\u00f3n de eventos corporativos,&nbsp; cuenta&nbsp; con m\u00e1s de 25 a\u00f1os de experiencia en el campo de eventos corporativos y realizaci\u00f3n de proyectos audiovisuales para TV, Redes Sociales, medios alternativos..<\/em><\/p>\n\n\n\n<p><em>Somos expertos en&nbsp; la aplicaci\u00f3n de tecnolog\u00eda de punta para mejorar la realizaci\u00f3n de proyectos audiovisuales, fotografia y video aereo, eventos, congresos y convenciones.&nbsp;<\/em><\/p>\n\n\n\n<p><em>Contamos con diferentes \u00e1reas de trabajo las cuales proporcionan a nuestros clientes una amplia gama de servicios para sus <\/em>proyectos audiovisuales y eventos corporativos.<\/p>\n\n\n\n<figure class=\"wp-block-image size-large wp-duotone-grayscale\"><img loading=\"lazy\" decoding=\"async\" width=\"2560\" height=\"1440\" src=\"https:\/\/www.911producciones.com\/wp-content\/uploads\/2025\/07\/IMG_5152-edited-1-scaled.jpeg\" alt=\"Multi-camera live music performance broadcast with vibrant stage lighting.\" class=\"wp-image-316\" srcset=\"https:\/\/www.911producciones.com\/wp-content\/uploads\/2025\/07\/IMG_5152-edited-1-scaled.jpeg 2560w, https:\/\/www.911producciones.com\/wp-content\/uploads\/2025\/07\/IMG_5152-edited-1-300x169.jpeg 300w, https:\/\/www.911producciones.com\/wp-content\/uploads\/2025\/07\/IMG_5152-edited-1-1024x576.jpeg 1024w, https:\/\/www.911producciones.com\/wp-content\/uploads\/2025\/07\/IMG_5152-edited-1-768x432.jpeg 768w, https:\/\/www.911producciones.com\/wp-content\/uploads\/2025\/07\/IMG_5152-edited-1-1536x864.jpeg 1536w, https:\/\/www.911producciones.com\/wp-content\/uploads\/2025\/07\/IMG_5152-edited-1-2048x1152.jpeg 2048w\" sizes=\"auto, (max-width: 767px) 89vw, (max-width: 1000px) 54vw, (max-width: 1071px) 543px, 580px\" \/><\/figure>\n","protected":false},"excerpt":{"rendered":"<p>911Producciones, producci\u00f3n audiovisual, asesor\u00eda y producci\u00f3n de eventos corporativos,&nbsp; cuenta&nbsp; con m\u00e1s de 25 a\u00f1os de experiencia en el campo de eventos corporativos y realizaci\u00f3n de proyectos audiovisuales para TV, Redes Sociales, medios alternativos.. Somos expertos en&nbsp; la aplicaci\u00f3n de tecnolog\u00eda de punta para mejorar la realizaci\u00f3n de proyectos audiovisuales, fotografia y video aereo, eventos, &hellip; <\/p>\n<p class=\"link-more\"><a href=\"https:\/\/www.911producciones.com\/\" class=\"more-link\">Continue reading<span class=\"screen-reader-text\"> &#8220;911 Producciones&#8221;<\/span><\/a><\/p>\n","protected":false},"author":1,"featured_media":0,"parent":0,"menu_order":0,"comment_status":"closed","ping_status":"closed","template":"","meta":{"_uag_custom_page_level_css":"","footnotes":""},"class_list":["post-35","page","type-page","status-publish","hentry"],"uagb_featured_image_src":{"full":false,"thumbnail":false,"medium":false,"medium_large":false,"large":false,"1536x1536":false,"2048x2048":false,"twentyseventeen-featured-image":false,"twentyseventeen-thumbnail-avatar":false,"wpvr_mobile":false},"uagb_author_info":{"display_name":"911producciones","author_link":"https:\/\/www.911producciones.com\/?author=1"},"uagb_comment_info":0,"uagb_excerpt":"911Producciones, producci\u00f3n audiovisual, asesor\u00eda y producci\u00f3n de eventos corporativos,&nbsp; cuenta&nbsp; con m\u00e1s de 25 a\u00f1os de experiencia en el campo de eventos corporativos y realizaci\u00f3n de proyectos audiovisuales para TV, Redes Sociales, medios alternativos.. Somos expertos en&nbsp; la aplicaci\u00f3n de tecnolog\u00eda de punta para mejorar la realizaci\u00f3n de proyectos audiovisuales, fotografia y video aereo, eventos,&hellip;","_links":{"self":[{"href":"https:\/\/www.911producciones.com\/index.php?rest_route=\/wp\/v2\/pages\/35","targetHints":{"allow":["GET"]}}],"collection":[{"href":"https:\/\/www.911producciones.com\/index.php?rest_route=\/wp\/v2\/pages"}],"about":[{"href":"https:\/\/www.911producciones.com\/index.php?rest_route=\/wp\/v2\/types\/page"}],"author":[{"embeddable":true,"href":"https:\/\/www.911producciones.com\/index.php?rest_route=\/wp\/v2\/users\/1"}],"replies":[{"embeddable":true,"href":"https:\/\/www.911producciones.com\/index.php?rest_route=%2Fwp%2Fv2%2Fcomments&post=35"}],"version-history":[{"count":8,"href":"https:\/\/www.911producciones.com\/index.php?rest_route=\/wp\/v2\/pages\/35\/revisions"}],"predecessor-version":[{"id":318,"href":"https:\/\/www.911producciones.com\/index.php?rest_route=\/wp\/v2\/pages\/35\/revisions\/318"}],"wp:attachment":[{"href":"https:\/\/www.911producciones.com\/index.php?rest_route=%2Fwp%2Fv2%2Fmedia&parent=35"}],"curies":[{"name":"wp","href":"https:\/\/api.w.org\/{rel}","templated":true}]}}