{"id":10,"date":"2020-04-08T00:13:12","date_gmt":"2020-04-08T00:13:12","guid":{"rendered":"https:\/\/www.911producciones.com\/?page_id=10"},"modified":"2025-07-25T05:10:11","modified_gmt":"2025-07-25T05:10:11","slug":"about","status":"publish","type":"page","link":"https:\/\/www.911producciones.com\/?page_id=10","title":{"rendered":"\u00bfQUI\u00c9NES SOMOS?"},"content":{"rendered":"\n<p><em>911Producciones, empresa dedicada al dise\u00f1o, producci\u00f3n audiovisual, asesor\u00eda y producci\u00f3n de eventos corporativos,&nbsp; cuenta&nbsp; con m\u00e1s de 25 a\u00f1os de experiencia en el campo audiovisual.<\/em><\/p>\n\n\n\n<p><em>Somos expertos en&nbsp; la aplicaci\u00f3n de tecnolog\u00eda de punta para la creaci\u00f3n de contenido audiovisual, eventos corporativos, producci\u00f3n<\/em><\/p>\n\n\n\n<figure class=\"wp-block-image size-large\"><img loading=\"lazy\" decoding=\"async\" width=\"1024\" height=\"683\" src=\"https:\/\/www.911producciones.com\/wp-content\/uploads\/2025\/07\/qtq80-Z8z895-1024x683.jpeg\" alt=\"\" class=\"wp-image-298\" srcset=\"https:\/\/www.911producciones.com\/wp-content\/uploads\/2025\/07\/qtq80-Z8z895-1024x683.jpeg 1024w, https:\/\/www.911producciones.com\/wp-content\/uploads\/2025\/07\/qtq80-Z8z895-300x200.jpeg 300w, https:\/\/www.911producciones.com\/wp-content\/uploads\/2025\/07\/qtq80-Z8z895-768x512.jpeg 768w, https:\/\/www.911producciones.com\/wp-content\/uploads\/2025\/07\/qtq80-Z8z895-1536x1024.jpeg 1536w, https:\/\/www.911producciones.com\/wp-content\/uploads\/2025\/07\/qtq80-Z8z895-2048x1365.jpeg 2048w\" sizes=\"auto, (max-width: 767px) 89vw, (max-width: 1000px) 54vw, (max-width: 1071px) 543px, 580px\" \/><\/figure>\n\n\n\n<p><\/p>\n","protected":false},"excerpt":{"rendered":"<p>911Producciones, empresa dedicada al dise\u00f1o, producci\u00f3n audiovisual, asesor\u00eda y producci\u00f3n de eventos corporativos,&nbsp; cuenta&nbsp; con m\u00e1s de 25 a\u00f1os de experiencia en el campo audiovisual. Somos expertos en&nbsp; la aplicaci\u00f3n de tecnolog\u00eda de punta para la creaci\u00f3n de contenido audiovisual, eventos corporativos, producci\u00f3n<\/p>\n","protected":false},"author":1,"featured_media":0,"parent":0,"menu_order":0,"comment_status":"closed","ping_status":"closed","template":"","meta":{"_uag_custom_page_level_css":"","footnotes":""},"class_list":["post-10","page","type-page","status-publish","hentry"],"uagb_featured_image_src":{"full":false,"thumbnail":false,"medium":false,"medium_large":false,"large":false,"1536x1536":false,"2048x2048":false,"twentyseventeen-featured-image":false,"twentyseventeen-thumbnail-avatar":false,"wpvr_mobile":false},"uagb_author_info":{"display_name":"911producciones","author_link":"https:\/\/www.911producciones.com\/?author=1"},"uagb_comment_info":0,"uagb_excerpt":"911Producciones, empresa dedicada al dise\u00f1o, producci\u00f3n audiovisual, asesor\u00eda y producci\u00f3n de eventos corporativos,&nbsp; cuenta&nbsp; con m\u00e1s de 25 a\u00f1os de experiencia en el campo audiovisual. Somos expertos en&nbsp; la aplicaci\u00f3n de tecnolog\u00eda de punta para la creaci\u00f3n de contenido audiovisual, eventos corporativos, producci\u00f3n","_links":{"self":[{"href":"https:\/\/www.911producciones.com\/index.php?rest_route=\/wp\/v2\/pages\/10","targetHints":{"allow":["GET"]}}],"collection":[{"href":"https:\/\/www.911producciones.com\/index.php?rest_route=\/wp\/v2\/pages"}],"about":[{"href":"https:\/\/www.911producciones.com\/index.php?rest_route=\/wp\/v2\/types\/page"}],"author":[{"embeddable":true,"href":"https:\/\/www.911producciones.com\/index.php?rest_route=\/wp\/v2\/users\/1"}],"replies":[{"embeddable":true,"href":"https:\/\/www.911producciones.com\/index.php?rest_route=%2Fwp%2Fv2%2Fcomments&post=10"}],"version-history":[{"count":5,"href":"https:\/\/www.911producciones.com\/index.php?rest_route=\/wp\/v2\/pages\/10\/revisions"}],"predecessor-version":[{"id":300,"href":"https:\/\/www.911producciones.com\/index.php?rest_route=\/wp\/v2\/pages\/10\/revisions\/300"}],"wp:attachment":[{"href":"https:\/\/www.911producciones.com\/index.php?rest_route=%2Fwp%2Fv2%2Fmedia&parent=10"}],"curies":[{"name":"wp","href":"https:\/\/api.w.org\/{rel}","templated":true}]}}